{"id":111258,"date":"2025-10-14T15:08:06","date_gmt":"2025-10-14T15:08:06","guid":{"rendered":"https:\/\/goldstonehvacr.com\/?post_type=product&#038;p=111258"},"modified":"2025-10-14T15:55:19","modified_gmt":"2025-10-14T15:55:19","slug":"airex-pro-system-kit","status":"publish","type":"product","link":"https:\/\/goldstonehvacr.com\/es\/product\/airex-pro-system-kit\/","title":{"rendered":"Kit Airex Pro-System"},"content":{"rendered":"<p class=\"p1\">El AIREX PRO-SYSTEM KIT\u2122 es un sistema 2 en 1 que se utiliza para sellar las tuber\u00edas de climatizaci\u00f3n (HVACR) que atraviesan paredes exteriores, evitando fugas de aire (AIREX TITAN OUTLET\u2122) y para proteger el aislamiento de las tuber\u00edas de la intemperie y da\u00f1os f\u00edsicos (AIREX E-FLEX GUARD\u2122). El AIREX TITAN OUTLET\u2122 se fija mec\u00e1nicamente a las superficies verticales de las paredes exteriores, mientras que su manguito elastom\u00e9rico asegura y a\u00edsla las tuber\u00edas de HVACR de las vibraciones mec\u00e1nicas. La camisa protectora AIREX E-FLEX GUARD\u2122 se conecta mec\u00e1nicamente al manguito de pared del TITAN OUTLET mediante una abrazadera de acero inoxidable, proporcionando un sistema completo de protecci\u00f3n de tuber\u00edas para lograr un rendimiento \u00f3ptimo de HVACR y una larga durabilidad.<\/p>\n<p class=\"p1\">Utilice el AIREX PRO-SYSTEM KIT\u2122 para cumplir est\u00e9ticamente con los requisitos de construcci\u00f3n obligatorios y los est\u00e1ndares de eficiencia energ\u00e9tica.<\/p>\n<p class=\"p1\"><b>SISTEMA SUPERIOR DE PROTECCI\u00d3N DE TUBER\u00cdAS<\/b><\/p>\n<p class=\"p1\">El kit 2 en 1 incluye todo lo que necesita para lograr un sellado mec\u00e1nico de pared y<\/p>\n<p class=\"p1\">Protecci\u00f3n superior de aislamiento exterior<\/p>\n<p class=\"p1\">De larga duraci\u00f3n con garant\u00eda de 10 a\u00f1os, extra\u00edble y reutilizable.<\/p>\n<p class=\"p1\">Ahorro energ\u00e9tico sostenible (Finalista del premio BEST OF IBS, Mejor producto de eficiencia energ\u00e9tica)<\/p>\n<p class=\"p1\">Cumple con los c\u00f3digos obligatorios de construcci\u00f3n, energ\u00eda, residencial, mec\u00e1nicos y ecol\u00f3gicos.<\/p>\n<p class=\"p1\">Impermeable al agua, pero con la permeabilidad necesaria al vapor (Retardador de vapor de clase II)<\/p>\n<p class=\"p1\">A prueba de roedores<\/p>\n<p class=\"p1\">Controla la vibraci\u00f3n da\u00f1ina de las tuber\u00edas<\/p>\n<p class=\"p1\">Funciona con instalaciones centrales y sin conductos.<\/p>\n<p class=\"p1\">Hecho en EE.UU.<\/p>\n<p class=\"p1\"><b>PRUEBAS DE RENDIMIENTO APROBADAS<\/b><\/p>\n<p class=\"p1\">M\u00e9todo de prueba est\u00e1ndar ASTM E283 para fugas de aire<\/p>\n<p class=\"p1\">M\u00e9todo de prueba est\u00e1ndar ASTM E331 para la penetraci\u00f3n de agua<\/p>\n<p class=\"p1\">ASTM D1525C-09 Prueba de deformaci\u00f3n por temperatura<\/p>\n<p class=\"p1\">ASTM D648-07 Prueba de deformaci\u00f3n por carga de temperatura<\/p>\n<p class=\"p1\">Prueba de inflamabilidad UL 94 HB<\/p>\n<p class=\"p1\">UL 746C Aptitud para exteriores \u2013 Clasificaci\u00f3n f1<\/p>\n<p class=\"p1\"><b>PRUEBAS DE MATERIALES APROBADOS<\/b><\/p>\n<p class=\"p1\">Prueba de deterioro ASTM D573-04<\/p>\n<p class=\"p1\">ASTM G153 Climatizaci\u00f3n y exposici\u00f3n a rayos UV<\/p>\n<p class=\"p1\">ASTM E96 Permeabilidad al agua\/vapor<\/p>\n<p class=\"p1\">ASTM G21 Antif\u00fangico\/Antimicrobiano<\/p>\n<p class=\"p1\">ASTM D570 Absorci\u00f3n de agua<\/p>\n<p class=\"p1\">Clasificaci\u00f3n de llama y humo ASTM E84\/UL 723 25\/450<\/p>","protected":false},"excerpt":{"rendered":"<p>El kit Airex Pro-System es un sistema 2 en 1 que combina un sellado herm\u00e9tico con una salida de tuber\u00eda montada en la pared y un protector de aislamiento de tuber\u00eda con retardador de vapor\/UV para aplicaciones exteriores de penetraciones de paredes de tuber\u00edas de refrigerante HVAC.<\/p>","protected":false},"featured_media":111212,"comment_status":"open","ping_status":"closed","template":"","meta":{"content-type":""},"product_brand":[],"product_cat":[248],"product_tag":[],"class_list":{"0":"post-111258","1":"product","2":"type-product","3":"status-publish","4":"has-post-thumbnail","6":"product_cat-airex-pro-system-kit","8":"first","9":"instock","10":"shipping-taxable","11":"product-type-simple"},"yoast_head":"<!-- This site is optimized with the Yoast SEO plugin v27.2 - https:\/\/yoast.com\/product\/yoast-seo-wordpress\/ -->\n<title>Airex Pro-System Kit - Gold Stone HVAC\/R<\/title>\n<meta name=\"robots\" content=\"index, follow, max-snippet:-1, max-image-preview:large, max-video-preview:-1\" \/>\n<link rel=\"canonical\" href=\"https:\/\/goldstonehvacr.com\/es\/product\/airex-pro-system-kit\/\" \/>\n<meta property=\"og:locale\" content=\"es_ES\" \/>\n<meta property=\"og:type\" content=\"article\" \/>\n<meta property=\"og:title\" content=\"Airex Pro-System Kit - Gold Stone HVAC\/R\" \/>\n<meta property=\"og:description\" content=\"The Airex Pro-System Kit is a 2-In-1 system that combines air-tight sealing with a wall-mounted piping outlet and a UV\/Vapor Retarder piping insulation protector for exterior applications of HVAC refrigerant piping wall penetrations.\" \/>\n<meta property=\"og:url\" content=\"https:\/\/goldstonehvacr.com\/es\/product\/airex-pro-system-kit\/\" \/>\n<meta property=\"og:site_name\" content=\"Gold Stone HVAC\/R\" \/>\n<meta property=\"article:modified_time\" content=\"2025-10-14T15:55:19+00:00\" \/>\n<meta property=\"og:image\" content=\"https:\/\/goldstonehvacr.com\/wp-content\/uploads\/2025\/10\/prosystemkitTSS_whitewhite.png\" \/>\n\t<meta property=\"og:image:width\" content=\"200\" \/>\n\t<meta property=\"og:image:height\" content=\"240\" \/>\n\t<meta property=\"og:image:type\" content=\"image\/png\" \/>\n<meta name=\"twitter:card\" content=\"summary_large_image\" \/>\n<meta name=\"twitter:label1\" content=\"Est. reading time\" \/>\n\t<meta name=\"twitter:data1\" content=\"2 minutos\" \/>\n<!-- \/ Yoast SEO plugin. -->","yoast_head_json":{"title":"Airex Pro-System Kit - Gold Stone HVAC\/R","robots":{"index":"index","follow":"follow","max-snippet":"max-snippet:-1","max-image-preview":"max-image-preview:large","max-video-preview":"max-video-preview:-1"},"canonical":"https:\/\/goldstonehvacr.com\/es\/product\/airex-pro-system-kit\/","og_locale":"es_ES","og_type":"article","og_title":"Airex Pro-System Kit - Gold Stone HVAC\/R","og_description":"The Airex Pro-System Kit is a 2-In-1 system that combines air-tight sealing with a wall-mounted piping outlet and a UV\/Vapor Retarder piping insulation protector for exterior applications of HVAC refrigerant piping wall penetrations.","og_url":"https:\/\/goldstonehvacr.com\/es\/product\/airex-pro-system-kit\/","og_site_name":"Gold Stone HVAC\/R","article_modified_time":"2025-10-14T15:55:19+00:00","og_image":[{"width":200,"height":240,"url":"https:\/\/goldstonehvacr.com\/wp-content\/uploads\/2025\/10\/prosystemkitTSS_whitewhite.png","type":"image\/png"}],"twitter_card":"summary_large_image","twitter_misc":{"Est. reading time":"2 minutos"},"schema":{"@context":"https:\/\/schema.org","@graph":[{"@type":"WebPage","@id":"https:\/\/goldstonehvacr.com\/product\/airex-pro-system-kit\/","url":"https:\/\/goldstonehvacr.com\/product\/airex-pro-system-kit\/","name":"Airex Pro-System Kit - Gold Stone HVAC\/R","isPartOf":{"@id":"https:\/\/goldstonehvacr.com\/#website"},"primaryImageOfPage":{"@id":"https:\/\/goldstonehvacr.com\/product\/airex-pro-system-kit\/#primaryimage"},"image":{"@id":"https:\/\/goldstonehvacr.com\/product\/airex-pro-system-kit\/#primaryimage"},"thumbnailUrl":"https:\/\/goldstonehvacr.com\/wp-content\/uploads\/2025\/10\/prosystemkitTSS_whitewhite.png","datePublished":"2025-10-14T15:08:06+00:00","dateModified":"2025-10-14T15:55:19+00:00","breadcrumb":{"@id":"https:\/\/goldstonehvacr.com\/product\/airex-pro-system-kit\/#breadcrumb"},"inLanguage":"es-PE","potentialAction":[{"@type":"ReadAction","target":["https:\/\/goldstonehvacr.com\/product\/airex-pro-system-kit\/"]}]},{"@type":"ImageObject","inLanguage":"es-PE","@id":"https:\/\/goldstonehvacr.com\/product\/airex-pro-system-kit\/#primaryimage","url":"https:\/\/goldstonehvacr.com\/wp-content\/uploads\/2025\/10\/prosystemkitTSS_whitewhite.png","contentUrl":"https:\/\/goldstonehvacr.com\/wp-content\/uploads\/2025\/10\/prosystemkitTSS_whitewhite.png","width":200,"height":240},{"@type":"BreadcrumbList","@id":"https:\/\/goldstonehvacr.com\/product\/airex-pro-system-kit\/#breadcrumb","itemListElement":[{"@type":"ListItem","position":1,"name":"Home","item":"https:\/\/goldstonehvacr.com\/"},{"@type":"ListItem","position":2,"name":"Shop","item":"https:\/\/goldstonehvacr.com\/shop\/"},{"@type":"ListItem","position":3,"name":"Airex Pro-System Kit"}]},{"@type":"WebSite","@id":"https:\/\/goldstonehvacr.com\/#website","url":"https:\/\/goldstonehvacr.com\/","name":"Calefacci\u00f3n, ventilaci\u00f3n y aire acondicionado Gold Stone","description":"","publisher":{"@id":"https:\/\/goldstonehvacr.com\/#organization"},"potentialAction":[{"@type":"SearchAction","target":{"@type":"EntryPoint","urlTemplate":"https:\/\/goldstonehvacr.com\/?s={search_term_string}"},"query-input":{"@type":"PropertyValueSpecification","valueRequired":true,"valueName":"search_term_string"}}],"inLanguage":"es-PE"},{"@type":"Organization","@id":"https:\/\/goldstonehvacr.com\/#organization","name":"Sistema de climatizaci\u00f3n Goldstone","url":"https:\/\/goldstonehvacr.com\/","logo":{"@type":"ImageObject","inLanguage":"es-PE","@id":"https:\/\/goldstonehvacr.com\/#\/schema\/logo\/image\/","url":"https:\/\/goldstonehvacr.com\/wp-content\/uploads\/2019\/09\/gsi-logo.png","contentUrl":"https:\/\/goldstonehvacr.com\/wp-content\/uploads\/2019\/09\/gsi-logo.png","width":340,"height":159,"caption":"Goldstone HVAC"},"image":{"@id":"https:\/\/goldstonehvacr.com\/#\/schema\/logo\/image\/"}}]}},"jetpack_sharing_enabled":true,"_links":{"self":[{"href":"https:\/\/goldstonehvacr.com\/es\/wp-json\/wp\/v2\/product\/111258","targetHints":{"allow":["GET"]}}],"collection":[{"href":"https:\/\/goldstonehvacr.com\/es\/wp-json\/wp\/v2\/product"}],"about":[{"href":"https:\/\/goldstonehvacr.com\/es\/wp-json\/wp\/v2\/types\/product"}],"replies":[{"embeddable":true,"href":"https:\/\/goldstonehvacr.com\/es\/wp-json\/wp\/v2\/comments?post=111258"}],"wp:featuredmedia":[{"embeddable":true,"href":"https:\/\/goldstonehvacr.com\/es\/wp-json\/wp\/v2\/media\/111212"}],"wp:attachment":[{"href":"https:\/\/goldstonehvacr.com\/es\/wp-json\/wp\/v2\/media?parent=111258"}],"wp:term":[{"taxonomy":"product_brand","embeddable":true,"href":"https:\/\/goldstonehvacr.com\/es\/wp-json\/wp\/v2\/product_brand?post=111258"},{"taxonomy":"product_cat","embeddable":true,"href":"https:\/\/goldstonehvacr.com\/es\/wp-json\/wp\/v2\/product_cat?post=111258"},{"taxonomy":"product_tag","embeddable":true,"href":"https:\/\/goldstonehvacr.com\/es\/wp-json\/wp\/v2\/product_tag?post=111258"}],"curies":[{"name":"wp","href":"https:\/\/api.w.org\/{rel}","templated":true}]}}