{"id":111202,"date":"2025-10-13T10:11:10","date_gmt":"2025-10-13T10:11:10","guid":{"rendered":"https:\/\/goldstonehvacr.com\/?post_type=product&#038;p=111202"},"modified":"2025-10-15T08:20:33","modified_gmt":"2025-10-15T08:20:33","slug":"airex-titan-outlet","status":"publish","type":"product","link":"https:\/\/goldstonehvacr.com\/es\/product\/airex-titan-outlet\/","title":{"rendered":"Salida Airex Titan"},"content":{"rendered":"<p class=\"p1\">El sistema AIREX TITAN OUTLET\u2122 de cerramiento de pared dise\u00f1ado para sellar y proteger las penetraciones de tuber\u00edas de HVACR contra da\u00f1os clim\u00e1ticos, fugas de aire, vibraciones y plagas, ayudando a los profesionales de HVACR a cumplir est\u00e9ticamente con los requisitos de construcci\u00f3n y las normas de eficiencia energ\u00e9tica. Fabricado con pol\u00edmeros de ingenier\u00eda resistentes a la intemperie y duraderos para exteriores, el cerramiento AIREX TITAN OUTLET\u2122 est\u00e1 hecho de pol\u00edmero ASA, mientras que el manguito de salida elastom\u00e9rico est\u00e1 hecho de pol\u00edmero TPE dise\u00f1ado para un sellado herm\u00e9tico alrededor de las tuber\u00edas de HVAC. El cerramiento y el manguito se unen mediante un proceso llamado sobremoldeo, uni\u00e9ndolos qu\u00edmica y mec\u00e1nicamente como una sola pieza. La junta de la superficie de la pared, unida al cerramiento de salida, es de espuma de PVC resistente que crea un sellado herm\u00e9tico en superficies irregulares. Los accesorios incluidos incluyen 4 tornillos de anclaje de acero al carbono y una abrazadera de acero inoxidable para garantizar la durabilidad de la instalaci\u00f3n en exteriores. Utilice el AIREX TITAN OUTLET\u2122 para cumplir est\u00e9ticamente con los requisitos de construcci\u00f3n y las normas de eficiencia energ\u00e9tica.<\/p>\n<p class=\"p1\"><b>\u00a1SELLA PENETRACIONES DE TUBER\u00cdAS EXTERIORES!<\/b><\/p>\n<p class=\"p1\">Mejora el rendimiento del equipo HVACR protegi\u00e9ndolo contra el clima y los da\u00f1os f\u00edsicos.<\/p>\n<p class=\"p1\">Crea un sello de junta positivo de la m\u00e1s alta calidad, protegiendo contra el clima, eliminando la intrusi\u00f3n de roedores y plagas, terminando con las fugas de aire en las paredes, reduciendo el da\u00f1o por humedad en las paredes, aumentando la eficiencia energ\u00e9tica general y mejorando la calidad del aire interior.<\/p>\n<p class=\"p1\">Con un elegante acabado arquitect\u00f3nico, mejora la est\u00e9tica de HVACR, plomer\u00eda, conductos y otras penetraciones de tuber\u00edas exteriores. \u2022 Materiales de calidad superior y excelente resistencia al calor y a los qu\u00edmicos y dise\u00f1o de manga elastom\u00e9rica flexible sobremoldeada integral que garantiza una larga durabilidad.<\/p>\n<p class=\"p1\">\u2022 Cumple con los c\u00f3digos obligatorios de construcci\u00f3n, energ\u00eda, residencial, mec\u00e1nicos y ecol\u00f3gicos. \u2022 Fabricado en EE. UU.<\/p>\n<p class=\"p1\">El dise\u00f1o de ingenier\u00eda admite sistemas HVAC con aislamiento de pared y caracter\u00edsticas antivibraci\u00f3n \u2022 Incluye abrazadera de manguera resistente a la corrosi\u00f3n, tornillos de anclaje con arandelas elastom\u00e9ricas y lubricante para una instalaci\u00f3n duradera.<\/p>\n<p class=\"p1\">Disponible con junta est\u00e1ndar de 3\/16\u201d, as\u00ed como junta m\u00e1s gruesa de 3\/4\u201d, ideal para superficies de paredes irregulares como revestimientos traslapados o mamposter\u00eda resistente.<\/p>\n<p class=\"p1\"><b>INSTALACI\u00d3N QUE CUMPLE TOTALMENTE CON EL C\u00d3DIGO<\/b><\/p>\n<p class=\"p1\">Cuerpo de salida, manguito de salida fabricado con materiales superiores resistentes a la intemperie.<\/p>\n<p class=\"p1\">El dise\u00f1o modernizado permite que la salida sea extra\u00edble y reutilizable para mantenimiento.<\/p>\n<p class=\"p1\">Incluye abrazadera de manguera resistente a la corrosi\u00f3n, tornillos de anclaje con arandelas de junta y lubricante para una instalaci\u00f3n duradera.<\/p>\n<p class=\"p1\"><b>PRUEBAS DE RENDIMIENTO APROBADAS<\/b><\/p>\n<p class=\"p1\">ASTM E283 Fugas de aire<\/p>\n<p class=\"p1\">Clasificaci\u00f3n de estabilidad en exteriores UL 746C - F1<\/p>\n<p class=\"p1\">ASTM E331 Penetraci\u00f3n de agua<\/p>\n<p class=\"p1\">ASTM E2178 Permeabilidad al aire<\/p>\n<p class=\"p1\"><b>PRUEBAS DE MATERIALES APROBADOS<\/b><\/p>\n<p class=\"p1\">ASTM D1525C-09 Deformaci\u00f3n por temperatura<\/p>\n<p class=\"p1\">ASTM D648-07 Deformaci\u00f3n por carga de temperatura<\/p>\n<p class=\"p1\">UL 94 HB Inflamabilidad<\/p>\n<p class=\"p1\">ASTM D573-04 Deterioro<\/p>\n<p class=\"p1\">ASTM D746-07 Temperatura de fragilidad<\/p>","protected":false},"excerpt":{"rendered":"<p>Titan Outlet es la soluci\u00f3n de ingenier\u00eda para el sellado de paredes de penetraciones de l\u00edneas de refrigerante que presenta un sistema de cerramiento de paredes resistente a la intemperie y a las fugas de aire, con control de vibraciones y a prueba de roedores, y se ha convertido en el l\u00edder preferido de la industria.<\/p>","protected":false},"featured_media":111207,"comment_status":"open","ping_status":"closed","template":"","meta":{"content-type":""},"product_brand":[],"product_cat":[247],"product_tag":[],"class_list":{"0":"post-111202","1":"product","2":"type-product","3":"status-publish","4":"has-post-thumbnail","6":"product_cat-airex-titan-outlet","8":"first","9":"instock","10":"shipping-taxable","11":"product-type-simple"},"yoast_head":"<!-- This site is optimized with the Yoast SEO plugin v27.2 - https:\/\/yoast.com\/product\/yoast-seo-wordpress\/ -->\n<title>Airex Titan Outlet - Gold Stone HVAC\/R<\/title>\n<meta name=\"robots\" content=\"index, follow, max-snippet:-1, max-image-preview:large, max-video-preview:-1\" \/>\n<link rel=\"canonical\" href=\"https:\/\/goldstonehvacr.com\/es\/product\/airex-titan-outlet\/\" \/>\n<meta property=\"og:locale\" content=\"es_ES\" \/>\n<meta property=\"og:type\" content=\"article\" \/>\n<meta property=\"og:title\" content=\"Airex Titan Outlet - Gold Stone HVAC\/R\" \/>\n<meta property=\"og:description\" content=\"The Titan Outlet is the engineered solution of wall sealing refrigerant line penetrations featuring a weather and air leakage resistant, vibration control, rodent proofing, wall enclosure system, and has become the preferred industry leader.\" \/>\n<meta property=\"og:url\" content=\"https:\/\/goldstonehvacr.com\/es\/product\/airex-titan-outlet\/\" \/>\n<meta property=\"og:site_name\" content=\"Gold Stone HVAC\/R\" \/>\n<meta property=\"article:modified_time\" content=\"2025-10-15T08:20:33+00:00\" \/>\n<meta property=\"og:image\" content=\"https:\/\/goldstonehvacr.com\/wp-content\/uploads\/2025\/10\/titanTRS_white-1.webp\" \/>\n\t<meta property=\"og:image:width\" content=\"200\" \/>\n\t<meta property=\"og:image:height\" content=\"240\" \/>\n\t<meta property=\"og:image:type\" content=\"image\/webp\" \/>\n<meta name=\"twitter:card\" content=\"summary_large_image\" \/>\n<meta name=\"twitter:label1\" content=\"Est. reading time\" \/>\n\t<meta name=\"twitter:data1\" content=\"2 minutos\" \/>\n<!-- \/ Yoast SEO plugin. -->","yoast_head_json":{"title":"Airex Titan Outlet - Gold Stone HVAC\/R","robots":{"index":"index","follow":"follow","max-snippet":"max-snippet:-1","max-image-preview":"max-image-preview:large","max-video-preview":"max-video-preview:-1"},"canonical":"https:\/\/goldstonehvacr.com\/es\/product\/airex-titan-outlet\/","og_locale":"es_ES","og_type":"article","og_title":"Airex Titan Outlet - Gold Stone HVAC\/R","og_description":"The Titan Outlet is the engineered solution of wall sealing refrigerant line penetrations featuring a weather and air leakage resistant, vibration control, rodent proofing, wall enclosure system, and has become the preferred industry leader.","og_url":"https:\/\/goldstonehvacr.com\/es\/product\/airex-titan-outlet\/","og_site_name":"Gold Stone HVAC\/R","article_modified_time":"2025-10-15T08:20:33+00:00","og_image":[{"width":200,"height":240,"url":"https:\/\/goldstonehvacr.com\/wp-content\/uploads\/2025\/10\/titanTRS_white-1.webp","type":"image\/webp"}],"twitter_card":"summary_large_image","twitter_misc":{"Est. reading time":"2 minutos"},"schema":{"@context":"https:\/\/schema.org","@graph":[{"@type":"WebPage","@id":"https:\/\/goldstonehvacr.com\/product\/airex-titan-outlet\/","url":"https:\/\/goldstonehvacr.com\/product\/airex-titan-outlet\/","name":"Airex Titan Outlet - Gold Stone HVAC\/R","isPartOf":{"@id":"https:\/\/goldstonehvacr.com\/#website"},"primaryImageOfPage":{"@id":"https:\/\/goldstonehvacr.com\/product\/airex-titan-outlet\/#primaryimage"},"image":{"@id":"https:\/\/goldstonehvacr.com\/product\/airex-titan-outlet\/#primaryimage"},"thumbnailUrl":"https:\/\/goldstonehvacr.com\/wp-content\/uploads\/2025\/10\/titanTRS_white-1.webp","datePublished":"2025-10-13T10:11:10+00:00","dateModified":"2025-10-15T08:20:33+00:00","breadcrumb":{"@id":"https:\/\/goldstonehvacr.com\/product\/airex-titan-outlet\/#breadcrumb"},"inLanguage":"es-PE","potentialAction":[{"@type":"ReadAction","target":["https:\/\/goldstonehvacr.com\/product\/airex-titan-outlet\/"]}]},{"@type":"ImageObject","inLanguage":"es-PE","@id":"https:\/\/goldstonehvacr.com\/product\/airex-titan-outlet\/#primaryimage","url":"https:\/\/goldstonehvacr.com\/wp-content\/uploads\/2025\/10\/titanTRS_white-1.webp","contentUrl":"https:\/\/goldstonehvacr.com\/wp-content\/uploads\/2025\/10\/titanTRS_white-1.webp","width":200,"height":240},{"@type":"BreadcrumbList","@id":"https:\/\/goldstonehvacr.com\/product\/airex-titan-outlet\/#breadcrumb","itemListElement":[{"@type":"ListItem","position":1,"name":"Home","item":"https:\/\/goldstonehvacr.com\/"},{"@type":"ListItem","position":2,"name":"Shop","item":"https:\/\/goldstonehvacr.com\/shop\/"},{"@type":"ListItem","position":3,"name":"Airex Titan Outlet"}]},{"@type":"WebSite","@id":"https:\/\/goldstonehvacr.com\/#website","url":"https:\/\/goldstonehvacr.com\/","name":"Calefacci\u00f3n, ventilaci\u00f3n y aire acondicionado Gold Stone","description":"","publisher":{"@id":"https:\/\/goldstonehvacr.com\/#organization"},"potentialAction":[{"@type":"SearchAction","target":{"@type":"EntryPoint","urlTemplate":"https:\/\/goldstonehvacr.com\/?s={search_term_string}"},"query-input":{"@type":"PropertyValueSpecification","valueRequired":true,"valueName":"search_term_string"}}],"inLanguage":"es-PE"},{"@type":"Organization","@id":"https:\/\/goldstonehvacr.com\/#organization","name":"Sistema de climatizaci\u00f3n Goldstone","url":"https:\/\/goldstonehvacr.com\/","logo":{"@type":"ImageObject","inLanguage":"es-PE","@id":"https:\/\/goldstonehvacr.com\/#\/schema\/logo\/image\/","url":"https:\/\/goldstonehvacr.com\/wp-content\/uploads\/2019\/09\/gsi-logo.png","contentUrl":"https:\/\/goldstonehvacr.com\/wp-content\/uploads\/2019\/09\/gsi-logo.png","width":340,"height":159,"caption":"Goldstone HVAC"},"image":{"@id":"https:\/\/goldstonehvacr.com\/#\/schema\/logo\/image\/"}}]}},"jetpack_sharing_enabled":true,"_links":{"self":[{"href":"https:\/\/goldstonehvacr.com\/es\/wp-json\/wp\/v2\/product\/111202","targetHints":{"allow":["GET"]}}],"collection":[{"href":"https:\/\/goldstonehvacr.com\/es\/wp-json\/wp\/v2\/product"}],"about":[{"href":"https:\/\/goldstonehvacr.com\/es\/wp-json\/wp\/v2\/types\/product"}],"replies":[{"embeddable":true,"href":"https:\/\/goldstonehvacr.com\/es\/wp-json\/wp\/v2\/comments?post=111202"}],"wp:featuredmedia":[{"embeddable":true,"href":"https:\/\/goldstonehvacr.com\/es\/wp-json\/wp\/v2\/media\/111207"}],"wp:attachment":[{"href":"https:\/\/goldstonehvacr.com\/es\/wp-json\/wp\/v2\/media?parent=111202"}],"wp:term":[{"taxonomy":"product_brand","embeddable":true,"href":"https:\/\/goldstonehvacr.com\/es\/wp-json\/wp\/v2\/product_brand?post=111202"},{"taxonomy":"product_cat","embeddable":true,"href":"https:\/\/goldstonehvacr.com\/es\/wp-json\/wp\/v2\/product_cat?post=111202"},{"taxonomy":"product_tag","embeddable":true,"href":"https:\/\/goldstonehvacr.com\/es\/wp-json\/wp\/v2\/product_tag?post=111202"}],"curies":[{"name":"wp","href":"https:\/\/api.w.org\/{rel}","templated":true}]}}